{"id":23511,"date":"2025-02-16T12:59:04","date_gmt":"2025-02-16T11:59:04","guid":{"rendered":"https:\/\/beatrice-mueller.de\/produkt\/anello-timbro-e-amore-non-e-amore\/"},"modified":"2025-02-16T12:59:04","modified_gmt":"2025-02-16T11:59:04","slug":"anello-timbro-e-amore-non-e-amore","status":"publish","type":"product","link":"https:\/\/beatrice-mueller.de\/it\/prodotto\/anello-timbro-e-amore-non-e-amore\/","title":{"rendered":"Anello timbro \u00c8 amore &#8211; Non \u00e8 amore"},"content":{"rendered":"<div class=\"content--title\"><span data-mce-type=\"bookmark\" style=\"width: 0px;overflow: hidden;line-height: 0\" class=\"mce_SELRES_start\"><\/span><span data-mce-type=\"bookmark\" style=\"width: 0px;overflow: hidden;line-height: 0\" class=\"mce_SELRES_start\"><\/span><\/p>\n<p>&#8220;L&#8217;amore non \u00e8 ci\u00f2 che ti aspetti di ottenere, ma ci\u00f2 che sei disposto a dare.&#8221;<\/p>\n<p>Dimostrare amore alle persone a cui tieni \u00e8 incredibilmente importante. Ricordalo a qualcuno che significa qualcosa per te con un bel gesto. Questo anello riflette i momenti amorosi della nostra infanzia e riporta in vita i ricordi.  <\/p>\n<p><u>Caratteristiche:<br \/>\n<\/u><\/p>\n<p><span style=\"color: #ff0000\">\u2718<\/span> Piacevole contrasto di materiali grazie all&#8217;interno a coste.<\/p>\n<p><span style=\"color: #ff0000\">\u2718<\/span> Fatto a mano e testato nella nostra officina.<\/p>\n<p>&nbsp;<\/p>\n<div class=\"product--description\">\n<table border=\"0\">\n<tbody>\n<tr>\n<td><span data-mce-mark=\"1\"><strong>Materiale Gioielleria<\/strong><\/span><\/td>\n<td><span data-mce-mark=\"1\">acciaio inossidabile<\/span><\/td>\n<\/tr>\n<tr>\n<td><span data-mce-mark=\"1\"><strong>superficie<\/strong><\/span><\/td>\n<td><span data-mce-mark=\"1\">flusso opaco<\/span><\/td>\n<\/tr>\n<tr>\n<td><span data-mce-mark=\"1\"><strong>Caratteristiche speciali<\/strong><\/span><\/td>\n<td><span data-mce-mark=\"1\">incisione laser, cuore in smalto rosso<\/span><\/td>\n<\/tr>\n<\/tbody>\n<\/table>\n<p><span data-mce-mark=\"1\"><strong>DETERMINAZIONE DELLA MISURA CORRETTA DELL&#8217;ANELLO<\/strong><\/span><\/p>\n<p>La misura degli anelli NO STRESS \u00e8 determinata in base alla circonferenza interna dell&#8217;anello. Per scoprire la circonferenza corretta dell&#8217;anello, tutto ci\u00f2 di cui hai bisogno \u00e8 un filo o un pezzo di carta. <\/p>\n<p>Avvolgi il filo o la carta attorno alla parte del dito in cui vuoi indossare l&#8217;anello e poi misurane la lunghezza. I millimetri misurati riflettono la circonferenza dell&#8217;anello interno. <\/p>\n<\/div>\n<\/div>\n","protected":false},"excerpt":{"rendered":"<p>&#8220;L&#8217;amore non \u00e8 ci\u00f2 che ti aspetti di ottenere, ma ci\u00f2 che sei disposto a dare.&#8221; Dimostrare amore alle persone a cui tieni \u00e8 incredibilmente importante. Ricordalo a qualcuno che significa qualcosa per te con un bel gesto. Questo anello riflette i momenti amorosi della nostra infanzia e riporta in vita i ricordi. Caratteristiche: \u2718 [&hellip;]<\/p>\n","protected":false},"featured_media":23513,"comment_status":"closed","ping_status":"closed","template":"","meta":{"_glsr_average":0,"_glsr_ranking":0,"_glsr_reviews":0},"product_brand":[],"product_cat":[582],"product_tag":[561],"class_list":{"0":"post-23511","1":"product","2":"type-product","3":"status-publish","4":"has-post-thumbnail","6":"product_cat-squillo","7":"product_tag-progettazione-x","8":"pa_groesse-52-16-5-o-it","9":"pa_groesse-53-17-0-o-it-2","10":"pa_groesse-54-17-25-o-it-2","11":"pa_groesse-55-17-5-o-it-2","12":"pa_groesse-56-18-0-o-it-2","13":"pa_groesse-57-18-25-o-it-2","14":"pa_groesse-58-18-5-o-it","15":"pa_groesse-59-19-0-o-it-2","16":"pa_groesse-60-19-25-o-it","17":"pa_groesse-61-19-5-o-it","18":"pa_groesse-62-19-75-o-it","19":"pa_groesse-63-20-0-o-it-2","20":"pa_groesse-64-20-25-o-it-2","21":"pa_groesse-65-20-5-o-it-2","22":"pa_marke-x-design-it-2","24":"first","25":"instock","26":"taxable","27":"shipping-taxable","28":"purchasable","29":"product-type-variable"},"exclude_global_add_ons":[],"addons":[],"yoast_head":"<!-- This site is optimized with the Yoast SEO plugin v25.6 - https:\/\/yoast.com\/wordpress\/plugins\/seo\/ -->\n<title>Anello timbro \u00c8 amore - Non \u00e8 amore - Beatrice M\u00fcller<\/title>\n<meta name=\"description\" content=\"\u00c8 amore. Ricordalo a qualcuno che significa qualcosa per te con un bel gesto. Questo anello riporta in vita i ricordi.\" \/>\n<meta name=\"robots\" content=\"index, follow, max-snippet:-1, max-image-preview:large, max-video-preview:-1\" \/>\n<link rel=\"canonical\" href=\"https:\/\/beatrice-mueller.de\/it\/prodotto\/anello-timbro-e-amore-non-e-amore\/\" \/>\n<meta property=\"og:locale\" content=\"it_IT\" \/>\n<meta property=\"og:type\" content=\"article\" \/>\n<meta property=\"og:title\" content=\"Anello timbro \u00c8 amore - Non \u00e8 amore - Beatrice M\u00fcller\" \/>\n<meta property=\"og:description\" content=\"\u00c8 amore. Ricordalo a qualcuno che significa qualcosa per te con un bel gesto. Questo anello riporta in vita i ricordi.\" \/>\n<meta property=\"og:url\" content=\"https:\/\/beatrice-mueller.de\/it\/prodotto\/anello-timbro-e-amore-non-e-amore\/\" \/>\n<meta property=\"og:site_name\" content=\"Beatrice M\u00fcller\" \/>\n<meta property=\"og:image\" content=\"https:\/\/beatrice-mueller.de\/wp-content\/uploads\/MG_8383-scaled.jpeg\" \/>\n\t<meta property=\"og:image:width\" content=\"2560\" \/>\n\t<meta property=\"og:image:height\" content=\"2533\" \/>\n\t<meta property=\"og:image:type\" content=\"image\/jpeg\" \/>\n<meta name=\"twitter:card\" content=\"summary_large_image\" \/>\n<meta name=\"twitter:label1\" content=\"Tempo di lettura stimato\" \/>\n\t<meta name=\"twitter:data1\" content=\"1 minuto\" \/>\n<script type=\"application\/ld+json\" class=\"yoast-schema-graph\">{\"@context\":\"https:\/\/schema.org\",\"@graph\":[{\"@type\":\"WebPage\",\"@id\":\"https:\/\/beatrice-mueller.de\/it\/prodotto\/anello-timbro-e-amore-non-e-amore\/\",\"url\":\"https:\/\/beatrice-mueller.de\/it\/prodotto\/anello-timbro-e-amore-non-e-amore\/\",\"name\":\"Anello timbro \u00c8 amore - Non \u00e8 amore - Beatrice M\u00fcller\",\"isPartOf\":{\"@id\":\"https:\/\/beatrice-mueller.de\/it\/#website\"},\"primaryImageOfPage\":{\"@id\":\"https:\/\/beatrice-mueller.de\/it\/prodotto\/anello-timbro-e-amore-non-e-amore\/#primaryimage\"},\"image\":{\"@id\":\"https:\/\/beatrice-mueller.de\/it\/prodotto\/anello-timbro-e-amore-non-e-amore\/#primaryimage\"},\"thumbnailUrl\":\"https:\/\/beatrice-mueller.de\/wp-content\/uploads\/MG_8383-scaled.jpeg\",\"datePublished\":\"2025-02-16T11:59:04+00:00\",\"description\":\"\u00c8 amore. Ricordalo a qualcuno che significa qualcosa per te con un bel gesto. Questo anello riporta in vita i ricordi.\",\"breadcrumb\":{\"@id\":\"https:\/\/beatrice-mueller.de\/it\/prodotto\/anello-timbro-e-amore-non-e-amore\/#breadcrumb\"},\"inLanguage\":\"it-IT\",\"potentialAction\":[{\"@type\":\"ReadAction\",\"target\":[\"https:\/\/beatrice-mueller.de\/it\/prodotto\/anello-timbro-e-amore-non-e-amore\/\"]}]},{\"@type\":\"ImageObject\",\"inLanguage\":\"it-IT\",\"@id\":\"https:\/\/beatrice-mueller.de\/it\/prodotto\/anello-timbro-e-amore-non-e-amore\/#primaryimage\",\"url\":\"https:\/\/beatrice-mueller.de\/wp-content\/uploads\/MG_8383-scaled.jpeg\",\"contentUrl\":\"https:\/\/beatrice-mueller.de\/wp-content\/uploads\/MG_8383-scaled.jpeg\",\"width\":2560,\"height\":2533},{\"@type\":\"BreadcrumbList\",\"@id\":\"https:\/\/beatrice-mueller.de\/it\/prodotto\/anello-timbro-e-amore-non-e-amore\/#breadcrumb\",\"itemListElement\":[{\"@type\":\"ListItem\",\"position\":1,\"name\":\"Startseite\",\"item\":\"https:\/\/beatrice-mueller.de\/it\/\"},{\"@type\":\"ListItem\",\"position\":2,\"name\":\"Negozio\",\"item\":\"https:\/\/beatrice-mueller.de\/it\/negozio-2\/\"},{\"@type\":\"ListItem\",\"position\":3,\"name\":\"Anello timbro \u00c8 amore &#8211; Non \u00e8 amore\"}]},{\"@type\":\"WebSite\",\"@id\":\"https:\/\/beatrice-mueller.de\/it\/#website\",\"url\":\"https:\/\/beatrice-mueller.de\/it\/\",\"name\":\"Beatrice M\u00fcller\",\"description\":\"Schmuckdesign\",\"potentialAction\":[{\"@type\":\"SearchAction\",\"target\":{\"@type\":\"EntryPoint\",\"urlTemplate\":\"https:\/\/beatrice-mueller.de\/it\/?s={search_term_string}\"},\"query-input\":{\"@type\":\"PropertyValueSpecification\",\"valueRequired\":true,\"valueName\":\"search_term_string\"}}],\"inLanguage\":\"it-IT\"}]}<\/script>\n<!-- \/ Yoast SEO plugin. -->","yoast_head_json":{"title":"Anello timbro \u00c8 amore - Non \u00e8 amore - Beatrice M\u00fcller","description":"\u00c8 amore. Ricordalo a qualcuno che significa qualcosa per te con un bel gesto. Questo anello riporta in vita i ricordi.","robots":{"index":"index","follow":"follow","max-snippet":"max-snippet:-1","max-image-preview":"max-image-preview:large","max-video-preview":"max-video-preview:-1"},"canonical":"https:\/\/beatrice-mueller.de\/it\/prodotto\/anello-timbro-e-amore-non-e-amore\/","og_locale":"it_IT","og_type":"article","og_title":"Anello timbro \u00c8 amore - Non \u00e8 amore - Beatrice M\u00fcller","og_description":"\u00c8 amore. Ricordalo a qualcuno che significa qualcosa per te con un bel gesto. Questo anello riporta in vita i ricordi.","og_url":"https:\/\/beatrice-mueller.de\/it\/prodotto\/anello-timbro-e-amore-non-e-amore\/","og_site_name":"Beatrice M\u00fcller","og_image":[{"width":2560,"height":2533,"url":"https:\/\/beatrice-mueller.de\/wp-content\/uploads\/MG_8383-scaled.jpeg","type":"image\/jpeg"}],"twitter_card":"summary_large_image","twitter_misc":{"Tempo di lettura stimato":"1 minuto"},"schema":{"@context":"https:\/\/schema.org","@graph":[{"@type":"WebPage","@id":"https:\/\/beatrice-mueller.de\/it\/prodotto\/anello-timbro-e-amore-non-e-amore\/","url":"https:\/\/beatrice-mueller.de\/it\/prodotto\/anello-timbro-e-amore-non-e-amore\/","name":"Anello timbro \u00c8 amore - Non \u00e8 amore - Beatrice M\u00fcller","isPartOf":{"@id":"https:\/\/beatrice-mueller.de\/it\/#website"},"primaryImageOfPage":{"@id":"https:\/\/beatrice-mueller.de\/it\/prodotto\/anello-timbro-e-amore-non-e-amore\/#primaryimage"},"image":{"@id":"https:\/\/beatrice-mueller.de\/it\/prodotto\/anello-timbro-e-amore-non-e-amore\/#primaryimage"},"thumbnailUrl":"https:\/\/beatrice-mueller.de\/wp-content\/uploads\/MG_8383-scaled.jpeg","datePublished":"2025-02-16T11:59:04+00:00","description":"\u00c8 amore. Ricordalo a qualcuno che significa qualcosa per te con un bel gesto. Questo anello riporta in vita i ricordi.","breadcrumb":{"@id":"https:\/\/beatrice-mueller.de\/it\/prodotto\/anello-timbro-e-amore-non-e-amore\/#breadcrumb"},"inLanguage":"it-IT","potentialAction":[{"@type":"ReadAction","target":["https:\/\/beatrice-mueller.de\/it\/prodotto\/anello-timbro-e-amore-non-e-amore\/"]}]},{"@type":"ImageObject","inLanguage":"it-IT","@id":"https:\/\/beatrice-mueller.de\/it\/prodotto\/anello-timbro-e-amore-non-e-amore\/#primaryimage","url":"https:\/\/beatrice-mueller.de\/wp-content\/uploads\/MG_8383-scaled.jpeg","contentUrl":"https:\/\/beatrice-mueller.de\/wp-content\/uploads\/MG_8383-scaled.jpeg","width":2560,"height":2533},{"@type":"BreadcrumbList","@id":"https:\/\/beatrice-mueller.de\/it\/prodotto\/anello-timbro-e-amore-non-e-amore\/#breadcrumb","itemListElement":[{"@type":"ListItem","position":1,"name":"Startseite","item":"https:\/\/beatrice-mueller.de\/it\/"},{"@type":"ListItem","position":2,"name":"Negozio","item":"https:\/\/beatrice-mueller.de\/it\/negozio-2\/"},{"@type":"ListItem","position":3,"name":"Anello timbro \u00c8 amore &#8211; Non \u00e8 amore"}]},{"@type":"WebSite","@id":"https:\/\/beatrice-mueller.de\/it\/#website","url":"https:\/\/beatrice-mueller.de\/it\/","name":"Beatrice M\u00fcller","description":"Schmuckdesign","potentialAction":[{"@type":"SearchAction","target":{"@type":"EntryPoint","urlTemplate":"https:\/\/beatrice-mueller.de\/it\/?s={search_term_string}"},"query-input":{"@type":"PropertyValueSpecification","valueRequired":true,"valueName":"search_term_string"}}],"inLanguage":"it-IT"}]}},"_links":{"self":[{"href":"https:\/\/beatrice-mueller.de\/it\/wp-json\/wp\/v2\/product\/23511","targetHints":{"allow":["GET"]}}],"collection":[{"href":"https:\/\/beatrice-mueller.de\/it\/wp-json\/wp\/v2\/product"}],"about":[{"href":"https:\/\/beatrice-mueller.de\/it\/wp-json\/wp\/v2\/types\/product"}],"replies":[{"embeddable":true,"href":"https:\/\/beatrice-mueller.de\/it\/wp-json\/wp\/v2\/comments?post=23511"}],"wp:featuredmedia":[{"embeddable":true,"href":"https:\/\/beatrice-mueller.de\/it\/wp-json\/wp\/v2\/media\/23513"}],"wp:attachment":[{"href":"https:\/\/beatrice-mueller.de\/it\/wp-json\/wp\/v2\/media?parent=23511"}],"wp:term":[{"taxonomy":"product_brand","embeddable":true,"href":"https:\/\/beatrice-mueller.de\/it\/wp-json\/wp\/v2\/product_brand?post=23511"},{"taxonomy":"product_cat","embeddable":true,"href":"https:\/\/beatrice-mueller.de\/it\/wp-json\/wp\/v2\/product_cat?post=23511"},{"taxonomy":"product_tag","embeddable":true,"href":"https:\/\/beatrice-mueller.de\/it\/wp-json\/wp\/v2\/product_tag?post=23511"}],"curies":[{"name":"wp","href":"https:\/\/api.w.org\/{rel}","templated":true}]}}