{"id":23527,"date":"2025-02-16T12:59:07","date_gmt":"2025-02-16T11:59:07","guid":{"rendered":"https:\/\/beatrice-mueller.de\/produkt\/collana-cunz-x-loto\/"},"modified":"2025-02-16T12:59:07","modified_gmt":"2025-02-16T11:59:07","slug":"collana-cunz-x-loto","status":"publish","type":"product","link":"https:\/\/beatrice-mueller.de\/it\/prodotto\/collana-cunz-x-loto\/","title":{"rendered":"Collana CuNz-x Loto"},"content":{"rendered":"<div class=\"content--title\">\n<div>\n<div><strong>descrizione del prodotto<\/strong><\/div>\n<div>Il fiore di loto, profondo simbolo di forza e coraggio nel Buddismo, racconta la storia stimolante di come attraversa acque torbide e scure per sbocciare e dispiegare i suoi petali in superficie. Questa collana \u00e8 il tuo scudo protettivo personale, il tuo talismano contro lo stress quotidiano. Allo stesso tempo, \u00e8 un ambasciatore che rende le vostre preoccupazioni visibili e realizzabili. Dimostra ci\u00f2 in cui credi e acquisisci nuovo coraggio e forza per la tua vita. Con l&#8217;ottone \u00e8 possibile!    <\/div>\n<div><\/div>\n<div><\/div>\n<div><strong>Curiosit\u00e0 Ottone<\/strong><\/div>\n<div>Gi\u00e0 nell&#8217;antichit\u00e0 si era scoperto che l&#8217;ottone \u00e8 un materiale molto speciale. \u00c8 battericida, il che significa che i germi sulla superficie vengono attivamente ridotti e non possono moltiplicarsi. All&#8217;epoca il termine antibatterico non era certamente noto, ma i nostri antenati lo usavano intuitivamente e utilizzavano, ad esempio, il solfato di rame per la disinfezione.  <\/div>\n<p>&nbsp;<\/p>\n<div><\/div>\n<div><strong>Design elegante<\/strong><\/div>\n<div>Inoltre, i nostri acquirenti amano le catene non solo per il materiale, ma anche per il loro potere simbolico e per il design straordinario. La forma \u00e8 semplice (un cerchio), il disco non si impiglia nei vestiti e il design \u00e8 sorprendente e insolito. Trasmetti il \u200b\u200bmessaggio &#8220;segretamente&#8221; o apertamente, come preferisci.  <\/div>\n<p>&nbsp;<\/p>\n<div><\/div>\n<div><strong>avviso di sicurezza<\/strong><\/div>\n<div>Le nostre catene rendono indossabili le ingegnose propriet\u00e0 dell&#8217;ottone. Naturalmente non sostituiscono la mascherina o la distanza di sicurezza. Le nostre catene non forniscono protezione contro l&#8217;infezione da Covid-19. Ma avere qualcosa al collo che respinge virus e batteri \u00e8 in qualche modo rassicurante, non \u00e8 vero?   <\/div>\n<p>&nbsp;<\/p>\n<div><\/div>\n<div><strong>istruzioni per la cura<\/strong><\/div>\n<div>Con l&#8217;avanzare dell&#8217;et\u00e0 compaiono le rughe. Invecchiando, l&#8217;ottone diventa scuro. Dipende dalla composizione del sudore, dall&#8217;umidit\u00e0 e dal comportamento d&#8217;uso. Quindi se sei cos\u00ec innamorata della collana da indossarla sempre, la vedrai invecchiare pi\u00f9 velocemente.    Personalmente adoriamo l&#8217;effetto: si vede che la catena ha una storia. Se ci\u00f2 non ti piace, puoi strofinare la catena con un panno morbido e pulirla con acido citrico diluito al 25%. <\/div>\n<\/div>\n<p>&nbsp;<\/p>\n<div class=\"product--description\">\n<table border=\"0\">\n<tbody>\n<tr>\n<td><span data-mce-mark=\"1\"><strong>materiale<\/strong><\/span><\/td>\n<td>Ottone<\/td>\n<\/tr>\n<tr>\n<td><span data-mce-mark=\"1\"><strong>superficie<\/strong><\/span><\/td>\n<td><span data-mce-mark=\"1\">glassato<\/span><\/td>\n<\/tr>\n<tr>\n<td><span data-mce-mark=\"1\"><strong>piastrelle colorate<\/strong><\/span><\/td>\n<td><span data-mce-mark=\"1\">Colore del materiale<\/span><\/td>\n<\/tr>\n<tr>\n<td><span data-mce-mark=\"1\"><strong>piastra \u00f8<\/strong><\/span><\/td>\n<td><span data-mce-mark=\"1\">20 millimetri<\/span><\/td>\n<\/tr>\n<tr>\n<td><span data-mce-mark=\"1\"><strong>spessore del materiale<\/strong><\/span><\/td>\n<td><span data-mce-mark=\"1\">1 millimetro<\/span><\/td>\n<\/tr>\n<\/tbody>\n<\/table>\n<\/div>\n<\/div>\n","protected":false},"excerpt":{"rendered":"<p>descrizione del prodotto Il fiore di loto, profondo simbolo di forza e coraggio nel Buddismo, racconta la storia stimolante di come attraversa acque torbide e scure per sbocciare e dispiegare i suoi petali in superficie. Questa collana \u00e8 il tuo scudo protettivo personale, il tuo talismano contro lo stress quotidiano. Allo stesso tempo, \u00e8 un [&hellip;]<\/p>\n","protected":false},"featured_media":23529,"comment_status":"closed","ping_status":"closed","template":"","meta":{"_glsr_average":0,"_glsr_ranking":0,"_glsr_reviews":0},"product_brand":[],"product_cat":[560],"product_tag":[611,610,606],"class_list":{"0":"post-23527","1":"product","2":"type-product","3":"status-publish","4":"has-post-thumbnail","6":"product_cat-collane","7":"product_tag-collana-cunz-x","8":"product_tag-collane-luccicanti","9":"product_tag-cunz-x-it","10":"pa_kette-50-cm-mit-karabiner-it-2","11":"pa_kette-90-cm-endlos-it","12":"pa_marke-cunz-x-it-2","14":"first","15":"instock","16":"taxable","17":"shipping-taxable","18":"purchasable","19":"product-type-variable"},"exclude_global_add_ons":[],"addons":[],"yoast_head":"<!-- This site is optimized with the Yoast SEO plugin v25.6 - https:\/\/yoast.com\/wordpress\/plugins\/seo\/ -->\n<title>Collana CuNz-x Loto - Beatrice M\u00fcller<\/title>\n<meta name=\"description\" content=\"Il loto, profondo simbolo di forza e coraggio nel Buddismo, racconta una storia stimolante di resilienza.\" \/>\n<meta name=\"robots\" content=\"index, follow, max-snippet:-1, max-image-preview:large, max-video-preview:-1\" \/>\n<link rel=\"canonical\" href=\"https:\/\/beatrice-mueller.de\/it\/prodotto\/collana-cunz-x-loto\/\" \/>\n<meta property=\"og:locale\" content=\"it_IT\" \/>\n<meta property=\"og:type\" content=\"article\" \/>\n<meta property=\"og:title\" content=\"Collana CuNz-x Loto - Beatrice M\u00fcller\" \/>\n<meta property=\"og:description\" content=\"Il loto, profondo simbolo di forza e coraggio nel Buddismo, racconta una storia stimolante di resilienza.\" \/>\n<meta property=\"og:url\" content=\"https:\/\/beatrice-mueller.de\/it\/prodotto\/collana-cunz-x-loto\/\" \/>\n<meta property=\"og:site_name\" content=\"Beatrice M\u00fcller\" \/>\n<meta property=\"og:image\" content=\"https:\/\/beatrice-mueller.de\/wp-content\/uploads\/Erbskette-Front-scaled.jpg\" \/>\n\t<meta property=\"og:image:width\" content=\"2505\" \/>\n\t<meta property=\"og:image:height\" content=\"2560\" \/>\n\t<meta property=\"og:image:type\" content=\"image\/jpeg\" \/>\n<meta name=\"twitter:card\" content=\"summary_large_image\" \/>\n<meta name=\"twitter:label1\" content=\"Tempo di lettura stimato\" \/>\n\t<meta name=\"twitter:data1\" content=\"2 minuti\" \/>\n<script type=\"application\/ld+json\" class=\"yoast-schema-graph\">{\"@context\":\"https:\/\/schema.org\",\"@graph\":[{\"@type\":\"WebPage\",\"@id\":\"https:\/\/beatrice-mueller.de\/it\/prodotto\/collana-cunz-x-loto\/\",\"url\":\"https:\/\/beatrice-mueller.de\/it\/prodotto\/collana-cunz-x-loto\/\",\"name\":\"Collana CuNz-x Loto - Beatrice M\u00fcller\",\"isPartOf\":{\"@id\":\"https:\/\/beatrice-mueller.de\/it\/#website\"},\"primaryImageOfPage\":{\"@id\":\"https:\/\/beatrice-mueller.de\/it\/prodotto\/collana-cunz-x-loto\/#primaryimage\"},\"image\":{\"@id\":\"https:\/\/beatrice-mueller.de\/it\/prodotto\/collana-cunz-x-loto\/#primaryimage\"},\"thumbnailUrl\":\"https:\/\/beatrice-mueller.de\/wp-content\/uploads\/Erbskette-Front-scaled.jpg\",\"datePublished\":\"2025-02-16T11:59:07+00:00\",\"description\":\"Il loto, profondo simbolo di forza e coraggio nel Buddismo, racconta una storia stimolante di resilienza.\",\"breadcrumb\":{\"@id\":\"https:\/\/beatrice-mueller.de\/it\/prodotto\/collana-cunz-x-loto\/#breadcrumb\"},\"inLanguage\":\"it-IT\",\"potentialAction\":[{\"@type\":\"ReadAction\",\"target\":[\"https:\/\/beatrice-mueller.de\/it\/prodotto\/collana-cunz-x-loto\/\"]}]},{\"@type\":\"ImageObject\",\"inLanguage\":\"it-IT\",\"@id\":\"https:\/\/beatrice-mueller.de\/it\/prodotto\/collana-cunz-x-loto\/#primaryimage\",\"url\":\"https:\/\/beatrice-mueller.de\/wp-content\/uploads\/Erbskette-Front-scaled.jpg\",\"contentUrl\":\"https:\/\/beatrice-mueller.de\/wp-content\/uploads\/Erbskette-Front-scaled.jpg\",\"width\":2505,\"height\":2560},{\"@type\":\"BreadcrumbList\",\"@id\":\"https:\/\/beatrice-mueller.de\/it\/prodotto\/collana-cunz-x-loto\/#breadcrumb\",\"itemListElement\":[{\"@type\":\"ListItem\",\"position\":1,\"name\":\"Startseite\",\"item\":\"https:\/\/beatrice-mueller.de\/it\/\"},{\"@type\":\"ListItem\",\"position\":2,\"name\":\"Negozio\",\"item\":\"https:\/\/beatrice-mueller.de\/it\/negozio-2\/\"},{\"@type\":\"ListItem\",\"position\":3,\"name\":\"Collana CuNz-x Loto\"}]},{\"@type\":\"WebSite\",\"@id\":\"https:\/\/beatrice-mueller.de\/it\/#website\",\"url\":\"https:\/\/beatrice-mueller.de\/it\/\",\"name\":\"Beatrice M\u00fcller\",\"description\":\"Schmuckdesign\",\"potentialAction\":[{\"@type\":\"SearchAction\",\"target\":{\"@type\":\"EntryPoint\",\"urlTemplate\":\"https:\/\/beatrice-mueller.de\/it\/?s={search_term_string}\"},\"query-input\":{\"@type\":\"PropertyValueSpecification\",\"valueRequired\":true,\"valueName\":\"search_term_string\"}}],\"inLanguage\":\"it-IT\"}]}<\/script>\n<!-- \/ Yoast SEO plugin. -->","yoast_head_json":{"title":"Collana CuNz-x Loto - Beatrice M\u00fcller","description":"Il loto, profondo simbolo di forza e coraggio nel Buddismo, racconta una storia stimolante di resilienza.","robots":{"index":"index","follow":"follow","max-snippet":"max-snippet:-1","max-image-preview":"max-image-preview:large","max-video-preview":"max-video-preview:-1"},"canonical":"https:\/\/beatrice-mueller.de\/it\/prodotto\/collana-cunz-x-loto\/","og_locale":"it_IT","og_type":"article","og_title":"Collana CuNz-x Loto - Beatrice M\u00fcller","og_description":"Il loto, profondo simbolo di forza e coraggio nel Buddismo, racconta una storia stimolante di resilienza.","og_url":"https:\/\/beatrice-mueller.de\/it\/prodotto\/collana-cunz-x-loto\/","og_site_name":"Beatrice M\u00fcller","og_image":[{"width":2505,"height":2560,"url":"https:\/\/beatrice-mueller.de\/wp-content\/uploads\/Erbskette-Front-scaled.jpg","type":"image\/jpeg"}],"twitter_card":"summary_large_image","twitter_misc":{"Tempo di lettura stimato":"2 minuti"},"schema":{"@context":"https:\/\/schema.org","@graph":[{"@type":"WebPage","@id":"https:\/\/beatrice-mueller.de\/it\/prodotto\/collana-cunz-x-loto\/","url":"https:\/\/beatrice-mueller.de\/it\/prodotto\/collana-cunz-x-loto\/","name":"Collana CuNz-x Loto - Beatrice M\u00fcller","isPartOf":{"@id":"https:\/\/beatrice-mueller.de\/it\/#website"},"primaryImageOfPage":{"@id":"https:\/\/beatrice-mueller.de\/it\/prodotto\/collana-cunz-x-loto\/#primaryimage"},"image":{"@id":"https:\/\/beatrice-mueller.de\/it\/prodotto\/collana-cunz-x-loto\/#primaryimage"},"thumbnailUrl":"https:\/\/beatrice-mueller.de\/wp-content\/uploads\/Erbskette-Front-scaled.jpg","datePublished":"2025-02-16T11:59:07+00:00","description":"Il loto, profondo simbolo di forza e coraggio nel Buddismo, racconta una storia stimolante di resilienza.","breadcrumb":{"@id":"https:\/\/beatrice-mueller.de\/it\/prodotto\/collana-cunz-x-loto\/#breadcrumb"},"inLanguage":"it-IT","potentialAction":[{"@type":"ReadAction","target":["https:\/\/beatrice-mueller.de\/it\/prodotto\/collana-cunz-x-loto\/"]}]},{"@type":"ImageObject","inLanguage":"it-IT","@id":"https:\/\/beatrice-mueller.de\/it\/prodotto\/collana-cunz-x-loto\/#primaryimage","url":"https:\/\/beatrice-mueller.de\/wp-content\/uploads\/Erbskette-Front-scaled.jpg","contentUrl":"https:\/\/beatrice-mueller.de\/wp-content\/uploads\/Erbskette-Front-scaled.jpg","width":2505,"height":2560},{"@type":"BreadcrumbList","@id":"https:\/\/beatrice-mueller.de\/it\/prodotto\/collana-cunz-x-loto\/#breadcrumb","itemListElement":[{"@type":"ListItem","position":1,"name":"Startseite","item":"https:\/\/beatrice-mueller.de\/it\/"},{"@type":"ListItem","position":2,"name":"Negozio","item":"https:\/\/beatrice-mueller.de\/it\/negozio-2\/"},{"@type":"ListItem","position":3,"name":"Collana CuNz-x Loto"}]},{"@type":"WebSite","@id":"https:\/\/beatrice-mueller.de\/it\/#website","url":"https:\/\/beatrice-mueller.de\/it\/","name":"Beatrice M\u00fcller","description":"Schmuckdesign","potentialAction":[{"@type":"SearchAction","target":{"@type":"EntryPoint","urlTemplate":"https:\/\/beatrice-mueller.de\/it\/?s={search_term_string}"},"query-input":{"@type":"PropertyValueSpecification","valueRequired":true,"valueName":"search_term_string"}}],"inLanguage":"it-IT"}]}},"_links":{"self":[{"href":"https:\/\/beatrice-mueller.de\/it\/wp-json\/wp\/v2\/product\/23527","targetHints":{"allow":["GET"]}}],"collection":[{"href":"https:\/\/beatrice-mueller.de\/it\/wp-json\/wp\/v2\/product"}],"about":[{"href":"https:\/\/beatrice-mueller.de\/it\/wp-json\/wp\/v2\/types\/product"}],"replies":[{"embeddable":true,"href":"https:\/\/beatrice-mueller.de\/it\/wp-json\/wp\/v2\/comments?post=23527"}],"wp:featuredmedia":[{"embeddable":true,"href":"https:\/\/beatrice-mueller.de\/it\/wp-json\/wp\/v2\/media\/23529"}],"wp:attachment":[{"href":"https:\/\/beatrice-mueller.de\/it\/wp-json\/wp\/v2\/media?parent=23527"}],"wp:term":[{"taxonomy":"product_brand","embeddable":true,"href":"https:\/\/beatrice-mueller.de\/it\/wp-json\/wp\/v2\/product_brand?post=23527"},{"taxonomy":"product_cat","embeddable":true,"href":"https:\/\/beatrice-mueller.de\/it\/wp-json\/wp\/v2\/product_cat?post=23527"},{"taxonomy":"product_tag","embeddable":true,"href":"https:\/\/beatrice-mueller.de\/it\/wp-json\/wp\/v2\/product_tag?post=23527"}],"curies":[{"name":"wp","href":"https:\/\/api.w.org\/{rel}","templated":true}]}}