{"id":24745,"date":"2025-02-23T12:29:03","date_gmt":"2025-02-23T11:29:03","guid":{"rendered":"https:\/\/beatrice-mueller.de\/produkt\/anello-serpente-argento-925-placcato-palladio-bianco\/"},"modified":"2025-02-23T12:29:03","modified_gmt":"2025-02-23T11:29:03","slug":"anello-serpente-argento-925-placcato-palladio-bianco","status":"publish","type":"product","link":"https:\/\/beatrice-mueller.de\/it\/prodotto\/anello-serpente-argento-925-placcato-palladio-bianco\/","title":{"rendered":"Anello Serpente Argento 925 placcato palladio bianco"},"content":{"rendered":"<div class=\"product--description\">\n<h2><strong>  Arte del serpente a forma di anello  <\/strong><\/h2>\n<h3>Anello serpente &#8211; Eternit\u00e0 indossabile<\/h3>\n<p>Fin da tempi immemorabili, il serpente \u00e8 stato venerato come santo patrono o guaritore in diverse culture. L&#8217; <span class=\"wrongWord\">anello a forma di serpente<\/span> simboleggia l&#8217;eternit\u00e0 e la perdita della pelle del serpente simboleggia la rinascita, l&#8217;eterna giovinezza e la sopravvivenza. Porta con te il serpente a <span class=\"wrongWord\">forma di anello<\/span> e trai vantaggio dal potere, dalla forza e dalla bellezza che emana.  <\/p>\n<p>Lascia che il serpente si avvolga due volte attorno al tuo dito, formando un anello, e ti protegga con il suo sguardo vigile. Il suo corpo ti accarezza il dito e risplende d&#8217;argento. Ci\u00f2 crea un&#8217;aura di bellezza ed eleganza. Le sue squame rialzate sono simbolo di forza e potere di <span class=\"wrongWord\">protezione<\/span> .   <\/p>\n<p>L&#8217;anello a forma di grazioso serpente \u00e8 realizzato in argento 925 e reca il relativo <span class=\"wrongWord\">timbro di autenticit\u00e0<\/span> sul lato interno.<br \/>\n Questo gioiello artigianale \u00e8 realizzato nel nostro laboratorio interno ed \u00e8 unico. Ogni anello viene sottoposto a severi controlli di qualit\u00e0 prima di lasciare la nostra azienda e diventare il tuo nobile compagno. Ci vogliono quindi circa 7 giorni lavorativi prima che tu possa ricevere il tuo nuovo pezzo preferito.  <\/p>\n<h3>Caratteristiche:<\/h3>\n<\/div>\n<p><span style=\"color: #ff0000;\">\u2718<\/span> Con certificato! I timbri di autenticit\u00e0 si trovano sulla guida dell&#8217;anello. <\/p>\n<p><span style=\"color: #ff0000;\">\u2718<\/span> Artigianato di nostra produzione &#8211; qualit\u00e0 testata a mano<\/p>\n<div class=\"product--description\">\n<table border=\"0\">\n<tbody>\n<tr>\n<td><span data-mce-mark=\"1\"><strong>Materiale Gioielleria<\/strong><\/span><\/td>\n<td><span data-mce-mark=\"1\">Argento 925 placcato palladio bianco<br \/>\n<\/span><\/td>\n<\/tr>\n<tr>\n<td><span data-mce-mark=\"1\"><strong>superficie<\/strong><\/span><\/td>\n<td><span data-mce-mark=\"1\">lucido<\/span><\/td>\n<\/tr>\n<tr>\n<td><span data-mce-mark=\"1\"><strong>spessore del materiale<\/strong><\/span><\/td>\n<td><span data-mce-mark=\"1\">4,5 millimetri<\/span><\/td>\n<\/tr>\n<tr>\n<td><strong>Larghezza<\/strong><\/td>\n<td><span data-mce-mark=\"1\">15 millimetri<\/span><\/td>\n<\/tr>\n<\/tbody>\n<\/table>\n<p><strong>DETERMINAZIONE DELLA MISURA CORRETTA DELL&#8217;ANELLO<\/strong><\/p>\n<p>La misura dell&#8217;anello \u00e8 determinata in base alla circonferenza interna dell&#8217;anello. Per scoprire la circonferenza corretta dell&#8217;anello, tutto ci\u00f2 di cui hai bisogno \u00e8 un filo o un pezzo di carta. <\/p>\n<p><span data-mce-mark=\"1\">Avvolgi il filo o la carta attorno alla parte del dito in cui vuoi indossare l&#8217;anello e poi misurane la lunghezza. I millimetri misurati riflettono la circonferenza dell&#8217;anello interno. <\/span><span data-mce-mark=\"1\"> <\/span><\/p>\n<table border=\"0\">\n<tbody>\n<tr>\n<td><span data-mce-mark=\"1\"><strong>calibro ad anello della circonferenza misurata (mm)<\/strong><\/span><\/td>\n<td><span data-mce-mark=\"1\"><strong>Diametro anello calibro (mm)<\/strong><\/span><\/td>\n<\/tr>\n<tr>\n<td><span data-mce-mark=\"1\">52<\/span><\/td>\n<td><span data-mce-mark=\"1\">16.5<\/span><\/td>\n<\/tr>\n<tr>\n<td><span data-mce-mark=\"1\">53<\/span><\/td>\n<td><span data-mce-mark=\"1\">17<\/span><\/td>\n<\/tr>\n<tr>\n<td><span data-mce-mark=\"1\">54<\/span><\/td>\n<td><span data-mce-mark=\"1\">17.25<\/span><\/td>\n<\/tr>\n<tr>\n<td><span data-mce-mark=\"1\">55<\/span><\/td>\n<td><span data-mce-mark=\"1\">17.5<\/span><\/td>\n<\/tr>\n<tr>\n<td><span data-mce-mark=\"1\">56<\/span><\/td>\n<td><span data-mce-mark=\"1\">18<\/span><\/td>\n<\/tr>\n<tr>\n<td><span data-mce-mark=\"1\">57<\/span><\/td>\n<td><span data-mce-mark=\"1\">18.25<\/span><\/td>\n<\/tr>\n<tr>\n<td><span data-mce-mark=\"1\">58<\/span><\/td>\n<td><span data-mce-mark=\"1\">18.5<\/span><\/td>\n<\/tr>\n<tr>\n<td><span data-mce-mark=\"1\">59<\/span><\/td>\n<td><span data-mce-mark=\"1\">19<\/span><\/td>\n<\/tr>\n<tr>\n<td><span data-mce-mark=\"1\">60<\/span><\/td>\n<td><span data-mce-mark=\"1\">19.25<\/span><\/td>\n<\/tr>\n<tr>\n<td><span data-mce-mark=\"1\">61<\/span><\/td>\n<td><span data-mce-mark=\"1\">19.5<\/span><\/td>\n<\/tr>\n<tr>\n<td><span data-mce-mark=\"1\">62<\/span><\/td>\n<td><span data-mce-mark=\"1\">19.75<\/span><\/td>\n<\/tr>\n<tr>\n<td><span data-mce-mark=\"1\">63<\/span><\/td>\n<td><span data-mce-mark=\"1\">20<\/span><\/td>\n<\/tr>\n<tr>\n<td><span data-mce-mark=\"1\">64<\/span><\/td>\n<td><span data-mce-mark=\"1\">20.25<\/span><\/td>\n<\/tr>\n<tr>\n<td><span data-mce-mark=\"1\">65<\/span><\/td>\n<td><span data-mce-mark=\"1\">20.5<br \/>\n<\/span><\/td>\n<\/tr>\n<\/tbody>\n<\/table>\n<\/div>\n","protected":false},"excerpt":{"rendered":"<p>Arte del serpente a forma di anello Anello serpente &#8211; Eternit\u00e0 indossabile Fin da tempi immemorabili, il serpente \u00e8 stato venerato come santo patrono o guaritore in diverse culture. L&#8217; anello a forma di serpente simboleggia l&#8217;eternit\u00e0 e la perdita della pelle del serpente simboleggia la rinascita, l&#8217;eterna giovinezza e la sopravvivenza. Porta con te [&hellip;]<\/p>\n","protected":false},"featured_media":24749,"comment_status":"closed","ping_status":"closed","template":"","meta":{"_glsr_average":0,"_glsr_ranking":0,"_glsr_reviews":0},"product_brand":[],"product_cat":[582],"product_tag":[583,561],"class_list":{"0":"post-24745","1":"product","2":"type-product","3":"status-publish","4":"has-post-thumbnail","6":"product_cat-squillo","7":"product_tag-anelli","8":"product_tag-progettazione-x","9":"pa_groesse-52-16-5-o-it","10":"pa_groesse-53-17-0-o-it-2","11":"pa_groesse-54-17-25-o-it-2","12":"pa_groesse-55-17-5-o-it-2","13":"pa_groesse-56-18-0-o-it-2","14":"pa_groesse-57-18-25-o-it-2","15":"pa_groesse-58-18-5-o-it","16":"pa_groesse-59-19-0-o-it-2","17":"pa_groesse-60-19-25-o-it","18":"pa_groesse-61-19-5-o-it","19":"pa_groesse-62-19-75-o-it","20":"pa_groesse-63-20-0-o-it-2","21":"pa_groesse-64-20-25-o-it-2","22":"pa_groesse-65-20-5-o-it-2","24":"first","25":"instock","26":"taxable","27":"shipping-taxable","28":"product-type-variable"},"exclude_global_add_ons":[],"addons":[],"yoast_head":"<!-- This site is optimized with the Yoast SEO plugin v25.6 - https:\/\/yoast.com\/wordpress\/plugins\/seo\/ -->\n<title>Anello Serpente Argento 925 placcato palladio bianco - Beatrice M\u00fcller<\/title>\n<meta name=\"robots\" content=\"index, follow, max-snippet:-1, max-image-preview:large, max-video-preview:-1\" \/>\n<link rel=\"canonical\" href=\"https:\/\/beatrice-mueller.de\/it\/prodotto\/anello-serpente-argento-925-placcato-palladio-bianco\/\" \/>\n<meta property=\"og:locale\" content=\"it_IT\" \/>\n<meta property=\"og:type\" content=\"article\" \/>\n<meta property=\"og:title\" content=\"Anello Serpente Argento 925 placcato palladio bianco - Beatrice M\u00fcller\" \/>\n<meta property=\"og:description\" content=\"Arte del serpente a forma di anello Anello serpente &#8211; Eternit\u00e0 indossabile Fin da tempi immemorabili, il serpente \u00e8 stato venerato come santo patrono o guaritore in diverse culture. L&#8217; anello a forma di serpente simboleggia l&#8217;eternit\u00e0 e la perdita della pelle del serpente simboleggia la rinascita, l&#8217;eterna giovinezza e la sopravvivenza. Porta con te [&hellip;]\" \/>\n<meta property=\"og:url\" content=\"https:\/\/beatrice-mueller.de\/it\/prodotto\/anello-serpente-argento-925-placcato-palladio-bianco\/\" \/>\n<meta property=\"og:site_name\" content=\"Beatrice M\u00fcller\" \/>\n<meta property=\"og:image\" content=\"https:\/\/beatrice-mueller.de\/wp-content\/uploads\/2022\/02\/X-Design_Ring_Schlange.jpg\" \/>\n\t<meta property=\"og:image:width\" content=\"1000\" \/>\n\t<meta property=\"og:image:height\" content=\"1000\" \/>\n\t<meta property=\"og:image:type\" content=\"image\/jpeg\" \/>\n<meta name=\"twitter:card\" content=\"summary_large_image\" \/>\n<meta name=\"twitter:label1\" content=\"Tempo di lettura stimato\" \/>\n\t<meta name=\"twitter:data1\" content=\"1 minuto\" \/>\n<script type=\"application\/ld+json\" class=\"yoast-schema-graph\">{\"@context\":\"https:\/\/schema.org\",\"@graph\":[{\"@type\":\"WebPage\",\"@id\":\"https:\/\/beatrice-mueller.de\/it\/prodotto\/anello-serpente-argento-925-placcato-palladio-bianco\/\",\"url\":\"https:\/\/beatrice-mueller.de\/it\/prodotto\/anello-serpente-argento-925-placcato-palladio-bianco\/\",\"name\":\"Anello Serpente Argento 925 placcato palladio bianco - Beatrice M\u00fcller\",\"isPartOf\":{\"@id\":\"https:\/\/beatrice-mueller.de\/it\/#website\"},\"primaryImageOfPage\":{\"@id\":\"https:\/\/beatrice-mueller.de\/it\/prodotto\/anello-serpente-argento-925-placcato-palladio-bianco\/#primaryimage\"},\"image\":{\"@id\":\"https:\/\/beatrice-mueller.de\/it\/prodotto\/anello-serpente-argento-925-placcato-palladio-bianco\/#primaryimage\"},\"thumbnailUrl\":\"https:\/\/beatrice-mueller.de\/wp-content\/uploads\/2022\/02\/X-Design_Ring_Schlange.jpg\",\"datePublished\":\"2025-02-23T11:29:03+00:00\",\"breadcrumb\":{\"@id\":\"https:\/\/beatrice-mueller.de\/it\/prodotto\/anello-serpente-argento-925-placcato-palladio-bianco\/#breadcrumb\"},\"inLanguage\":\"it-IT\",\"potentialAction\":[{\"@type\":\"ReadAction\",\"target\":[\"https:\/\/beatrice-mueller.de\/it\/prodotto\/anello-serpente-argento-925-placcato-palladio-bianco\/\"]}]},{\"@type\":\"ImageObject\",\"inLanguage\":\"it-IT\",\"@id\":\"https:\/\/beatrice-mueller.de\/it\/prodotto\/anello-serpente-argento-925-placcato-palladio-bianco\/#primaryimage\",\"url\":\"https:\/\/beatrice-mueller.de\/wp-content\/uploads\/2022\/02\/X-Design_Ring_Schlange.jpg\",\"contentUrl\":\"https:\/\/beatrice-mueller.de\/wp-content\/uploads\/2022\/02\/X-Design_Ring_Schlange.jpg\",\"width\":1000,\"height\":1000},{\"@type\":\"BreadcrumbList\",\"@id\":\"https:\/\/beatrice-mueller.de\/it\/prodotto\/anello-serpente-argento-925-placcato-palladio-bianco\/#breadcrumb\",\"itemListElement\":[{\"@type\":\"ListItem\",\"position\":1,\"name\":\"Startseite\",\"item\":\"https:\/\/beatrice-mueller.de\/it\/\"},{\"@type\":\"ListItem\",\"position\":2,\"name\":\"Negozio\",\"item\":\"https:\/\/beatrice-mueller.de\/it\/negozio-2\/\"},{\"@type\":\"ListItem\",\"position\":3,\"name\":\"Anello Serpente Argento 925 placcato palladio bianco\"}]},{\"@type\":\"WebSite\",\"@id\":\"https:\/\/beatrice-mueller.de\/it\/#website\",\"url\":\"https:\/\/beatrice-mueller.de\/it\/\",\"name\":\"Beatrice M\u00fcller\",\"description\":\"Schmuckdesign\",\"potentialAction\":[{\"@type\":\"SearchAction\",\"target\":{\"@type\":\"EntryPoint\",\"urlTemplate\":\"https:\/\/beatrice-mueller.de\/it\/?s={search_term_string}\"},\"query-input\":{\"@type\":\"PropertyValueSpecification\",\"valueRequired\":true,\"valueName\":\"search_term_string\"}}],\"inLanguage\":\"it-IT\"}]}<\/script>\n<!-- \/ Yoast SEO plugin. -->","yoast_head_json":{"title":"Anello Serpente Argento 925 placcato palladio bianco - Beatrice M\u00fcller","robots":{"index":"index","follow":"follow","max-snippet":"max-snippet:-1","max-image-preview":"max-image-preview:large","max-video-preview":"max-video-preview:-1"},"canonical":"https:\/\/beatrice-mueller.de\/it\/prodotto\/anello-serpente-argento-925-placcato-palladio-bianco\/","og_locale":"it_IT","og_type":"article","og_title":"Anello Serpente Argento 925 placcato palladio bianco - Beatrice M\u00fcller","og_description":"Arte del serpente a forma di anello Anello serpente &#8211; Eternit\u00e0 indossabile Fin da tempi immemorabili, il serpente \u00e8 stato venerato come santo patrono o guaritore in diverse culture. L&#8217; anello a forma di serpente simboleggia l&#8217;eternit\u00e0 e la perdita della pelle del serpente simboleggia la rinascita, l&#8217;eterna giovinezza e la sopravvivenza. Porta con te [&hellip;]","og_url":"https:\/\/beatrice-mueller.de\/it\/prodotto\/anello-serpente-argento-925-placcato-palladio-bianco\/","og_site_name":"Beatrice M\u00fcller","og_image":[{"width":1000,"height":1000,"url":"https:\/\/beatrice-mueller.de\/wp-content\/uploads\/2022\/02\/X-Design_Ring_Schlange.jpg","type":"image\/jpeg"}],"twitter_card":"summary_large_image","twitter_misc":{"Tempo di lettura stimato":"1 minuto"},"schema":{"@context":"https:\/\/schema.org","@graph":[{"@type":"WebPage","@id":"https:\/\/beatrice-mueller.de\/it\/prodotto\/anello-serpente-argento-925-placcato-palladio-bianco\/","url":"https:\/\/beatrice-mueller.de\/it\/prodotto\/anello-serpente-argento-925-placcato-palladio-bianco\/","name":"Anello Serpente Argento 925 placcato palladio bianco - Beatrice M\u00fcller","isPartOf":{"@id":"https:\/\/beatrice-mueller.de\/it\/#website"},"primaryImageOfPage":{"@id":"https:\/\/beatrice-mueller.de\/it\/prodotto\/anello-serpente-argento-925-placcato-palladio-bianco\/#primaryimage"},"image":{"@id":"https:\/\/beatrice-mueller.de\/it\/prodotto\/anello-serpente-argento-925-placcato-palladio-bianco\/#primaryimage"},"thumbnailUrl":"https:\/\/beatrice-mueller.de\/wp-content\/uploads\/2022\/02\/X-Design_Ring_Schlange.jpg","datePublished":"2025-02-23T11:29:03+00:00","breadcrumb":{"@id":"https:\/\/beatrice-mueller.de\/it\/prodotto\/anello-serpente-argento-925-placcato-palladio-bianco\/#breadcrumb"},"inLanguage":"it-IT","potentialAction":[{"@type":"ReadAction","target":["https:\/\/beatrice-mueller.de\/it\/prodotto\/anello-serpente-argento-925-placcato-palladio-bianco\/"]}]},{"@type":"ImageObject","inLanguage":"it-IT","@id":"https:\/\/beatrice-mueller.de\/it\/prodotto\/anello-serpente-argento-925-placcato-palladio-bianco\/#primaryimage","url":"https:\/\/beatrice-mueller.de\/wp-content\/uploads\/2022\/02\/X-Design_Ring_Schlange.jpg","contentUrl":"https:\/\/beatrice-mueller.de\/wp-content\/uploads\/2022\/02\/X-Design_Ring_Schlange.jpg","width":1000,"height":1000},{"@type":"BreadcrumbList","@id":"https:\/\/beatrice-mueller.de\/it\/prodotto\/anello-serpente-argento-925-placcato-palladio-bianco\/#breadcrumb","itemListElement":[{"@type":"ListItem","position":1,"name":"Startseite","item":"https:\/\/beatrice-mueller.de\/it\/"},{"@type":"ListItem","position":2,"name":"Negozio","item":"https:\/\/beatrice-mueller.de\/it\/negozio-2\/"},{"@type":"ListItem","position":3,"name":"Anello Serpente Argento 925 placcato palladio bianco"}]},{"@type":"WebSite","@id":"https:\/\/beatrice-mueller.de\/it\/#website","url":"https:\/\/beatrice-mueller.de\/it\/","name":"Beatrice M\u00fcller","description":"Schmuckdesign","potentialAction":[{"@type":"SearchAction","target":{"@type":"EntryPoint","urlTemplate":"https:\/\/beatrice-mueller.de\/it\/?s={search_term_string}"},"query-input":{"@type":"PropertyValueSpecification","valueRequired":true,"valueName":"search_term_string"}}],"inLanguage":"it-IT"}]}},"_links":{"self":[{"href":"https:\/\/beatrice-mueller.de\/it\/wp-json\/wp\/v2\/product\/24745","targetHints":{"allow":["GET"]}}],"collection":[{"href":"https:\/\/beatrice-mueller.de\/it\/wp-json\/wp\/v2\/product"}],"about":[{"href":"https:\/\/beatrice-mueller.de\/it\/wp-json\/wp\/v2\/types\/product"}],"replies":[{"embeddable":true,"href":"https:\/\/beatrice-mueller.de\/it\/wp-json\/wp\/v2\/comments?post=24745"}],"wp:featuredmedia":[{"embeddable":true,"href":"https:\/\/beatrice-mueller.de\/it\/wp-json\/wp\/v2\/media\/24749"}],"wp:attachment":[{"href":"https:\/\/beatrice-mueller.de\/it\/wp-json\/wp\/v2\/media?parent=24745"}],"wp:term":[{"taxonomy":"product_brand","embeddable":true,"href":"https:\/\/beatrice-mueller.de\/it\/wp-json\/wp\/v2\/product_brand?post=24745"},{"taxonomy":"product_cat","embeddable":true,"href":"https:\/\/beatrice-mueller.de\/it\/wp-json\/wp\/v2\/product_cat?post=24745"},{"taxonomy":"product_tag","embeddable":true,"href":"https:\/\/beatrice-mueller.de\/it\/wp-json\/wp\/v2\/product_tag?post=24745"}],"curies":[{"name":"wp","href":"https:\/\/api.w.org\/{rel}","templated":true}]}}