{"id":24898,"date":"2025-02-23T12:29:12","date_gmt":"2025-02-23T11:29:12","guid":{"rendered":"https:\/\/beatrice-mueller.de\/produkt\/anello-no-stress-x\/"},"modified":"2025-02-23T12:29:12","modified_gmt":"2025-02-23T11:29:12","slug":"anello-no-stress-x","status":"publish","type":"product","link":"https:\/\/beatrice-mueller.de\/it\/prodotto\/anello-no-stress-x\/","title":{"rendered":"Anello NO STRESS X"},"content":{"rendered":"<h2><b>NIENTE STRESS &#8211; la tua affermazione diretta<\/b><\/h2>\n<h3><strong>NESSUN STRESS da indossare<\/strong><\/h3>\n<p>Lo stress \u00e8 un compagno quotidiano per la maggior parte delle persone. Motivo pi\u00f9 che sufficiente per ricordare il motto NO STRESS il pi\u00f9 spesso possibile. Questo anello \u00e8 l&#8217;ideale per questo scopo. La sua forma a croce dritta ti ricorda di concentrarti sulle cose essenziali della vita. La croce pu\u00f2 simboleggiare la riduzione al tuo centro interiore. Ti fa prendere la decisione consapevole di abbassare i tuoi livelli di stress ed eliminare lo stress dalla tua vita.     <\/p>\n<p>Questo gioiello colpisce per il suo purismo a forma di X, motivo per cui sono state volutamente rinunciate le pietre decorative. Puoi riflettere e decidere di ritrovarti con la X sulla mano. <\/p>\n<p>L&#8217;anello \u00e8 disponibile in argento 925 e argento 925 annerito. Ci\u00f2 \u00e8 confermato dal certificato e dal timbro di autenticit\u00e0 all&#8217;interno dell&#8217;anello. Per quanto riguarda la finitura superficiale, \u00e8 possibile scegliere tra flow matt e diamond matt. Questo gioiello proviene dal nostro laboratorio interno. Per questo motivo la qualit\u00e0 di ogni singolo esemplare viene controllata manualmente.    <\/p>\n<p>L&#8217;anello ha le seguenti dimensioni: lunghezza 28,5 mm, larghezza 21,8 mm, altezza 25 mm. La produzione e la consegna del tuo pezzo preferito richiedono circa 7 giorni lavorativi.<\/p>\n<p>&nbsp;<\/p>\n<p><strong>Attenzione: questo anello \u00e8 attualmente disponibile solo nelle taglie 53\/54\/55.<\/strong><\/p>\n<h3>Caratteristiche:<\/h3>\n<p><span style=\"color: #ff0000;\">\u2718<\/span> Include certificato e timbro di autenticit\u00e0 sulla guida dell&#8217;anello interno.<\/p>\n<p><span style=\"color: #ff0000;\">\u2718<\/span> Disponibile con superficie opaca fluida o opaca diamantata.<\/p>\n<p><span style=\"color: #ff0000;\">\u2718<\/span> Argento 925 o argento 925 annerito.<\/p>\n<p><span style=\"color: #ff0000;\">\u2718<\/span> Prodotto nel nostro laboratorio, qualit\u00e0 testata a mano.<\/p>\n<table border=\"0\" width=\"533\" frame=\"box\">\n<tbody>\n<tr>\n<td style=\"width: 189.7px;\"><span data-mce-mark=\"1\"><strong>Materiale Gioielleria<\/strong><\/span><\/td>\n<td style=\"width: 328.3px;\">Argento 925 annerito \/ Argento 925<\/td>\n<\/tr>\n<tr>\n<td style=\"width: 189.7px;\"><span data-mce-mark=\"1\"><strong>superficie<\/strong><\/span><\/td>\n<td style=\"width: 328.3px;\"><span data-mce-mark=\"1\">flusso opaco \/ diamante opaco<\/span><\/td>\n<\/tr>\n<tr>\n<td style=\"width: 189.7px;\"><span data-mce-mark=\"1\"><strong>Altezza<\/strong><\/span><\/td>\n<td style=\"width: 328.3px;\">2,0 millimetri<\/td>\n<\/tr>\n<tr>\n<td style=\"width: 189.7px;\"><span data-mce-mark=\"1\"><strong>Larghezza<\/strong><\/span><\/td>\n<td style=\"width: 328.3px;\">25,0 millimetri<\/td>\n<\/tr>\n<\/tbody>\n<\/table>\n<h2><strong>DETERMINAZIONE DELLA MISURA CORRETTA DELL&#8217;ANELLO<\/strong><\/h2>\n<p>La misura degli anelli NO STRESS \u00e8 determinata in base alla circonferenza interna dell&#8217;anello. Per scoprire la circonferenza corretta dell&#8217;anello, tutto ci\u00f2 di cui hai bisogno \u00e8 un filo o un pezzo di carta. <\/p>\n<p><span data-mce-mark=\"1\">Avvolgi il filo o la carta attorno alla parte del dito in cui vuoi indossare l&#8217;anello e poi misurane la lunghezza. I millimetri misurati riflettono la circonferenza dell&#8217;anello interno. <\/span><span data-mce-mark=\"1\"> <\/span><\/p>\n<table border=\"0\">\n<tbody>\n<tr>\n<td><span data-mce-mark=\"1\"><strong>calibro ad anello della circonferenza misurata (mm)<\/strong><\/span><\/td>\n<td><span data-mce-mark=\"1\"><strong>Diametro anello calibro (mm)<\/strong><\/span><\/td>\n<\/tr>\n<tr>\n<td><span data-mce-mark=\"1\">52<\/span><\/td>\n<td><span data-mce-mark=\"1\">16.5<\/span><\/td>\n<\/tr>\n<tr>\n<td><span data-mce-mark=\"1\">53<\/span><\/td>\n<td><span data-mce-mark=\"1\">17<\/span><\/td>\n<\/tr>\n<tr>\n<td><span data-mce-mark=\"1\">54<\/span><\/td>\n<td><span data-mce-mark=\"1\">17.25<\/span><\/td>\n<\/tr>\n<tr>\n<td><span data-mce-mark=\"1\">55<\/span><\/td>\n<td><span data-mce-mark=\"1\">17.5<\/span><\/td>\n<\/tr>\n<tr>\n<td><span data-mce-mark=\"1\">56<\/span><\/td>\n<td><span data-mce-mark=\"1\">18<\/span><\/td>\n<\/tr>\n<tr>\n<td><span data-mce-mark=\"1\">57<\/span><\/td>\n<td><span data-mce-mark=\"1\">18.25<\/span><\/td>\n<\/tr>\n<tr>\n<td><span data-mce-mark=\"1\">58<\/span><\/td>\n<td><span data-mce-mark=\"1\">18.5<\/span><\/td>\n<\/tr>\n<tr>\n<td><span data-mce-mark=\"1\">59<\/span><\/td>\n<td><span data-mce-mark=\"1\">19<\/span><\/td>\n<\/tr>\n<tr>\n<td><span data-mce-mark=\"1\">60<\/span><\/td>\n<td><span data-mce-mark=\"1\">19.25<\/span><\/td>\n<\/tr>\n<tr>\n<td><span data-mce-mark=\"1\">61<\/span><\/td>\n<td><span data-mce-mark=\"1\">19.5<\/span><\/td>\n<\/tr>\n<tr>\n<td><span data-mce-mark=\"1\">62<\/span><\/td>\n<td><span data-mce-mark=\"1\">19.75<\/span><\/td>\n<\/tr>\n<tr>\n<td><span data-mce-mark=\"1\">63<\/span><\/td>\n<td><span data-mce-mark=\"1\">20<\/span><\/td>\n<\/tr>\n<tr>\n<td><span data-mce-mark=\"1\">64<\/span><\/td>\n<td><span data-mce-mark=\"1\">20.25<\/span><\/td>\n<\/tr>\n<tr>\n<td><span data-mce-mark=\"1\">65<\/span><\/td>\n<td><span data-mce-mark=\"1\">20.5<br \/>\n<\/span><\/td>\n<\/tr>\n<\/tbody>\n<\/table>\n","protected":false},"excerpt":{"rendered":"<p>NIENTE STRESS &#8211; la tua affermazione diretta NESSUN STRESS da indossare Lo stress \u00e8 un compagno quotidiano per la maggior parte delle persone. Motivo pi\u00f9 che sufficiente per ricordare il motto NO STRESS il pi\u00f9 spesso possibile. Questo anello \u00e8 l&#8217;ideale per questo scopo. La sua forma a croce dritta ti ricorda di concentrarti sulle [&hellip;]<\/p>\n","protected":false},"featured_media":24900,"comment_status":"closed","ping_status":"closed","template":"","meta":{"_glsr_average":0,"_glsr_ranking":0,"_glsr_reviews":0},"product_brand":[],"product_cat":[582],"product_tag":[583,561],"class_list":{"0":"post-24898","1":"product","2":"type-product","3":"status-publish","4":"has-post-thumbnail","6":"product_cat-squillo","7":"product_tag-anelli","8":"product_tag-progettazione-x","9":"pa_groesse-53-17-0-o-it-2","10":"pa_groesse-54-17-25-o-it-2","11":"pa_groesse-55-17-5-o-it-2","12":"pa_material-silber-it","13":"pa_material-silber-geschwaerzt-it","14":"pa_oberflaeche-diamantmatt-it-2","15":"pa_oberflaeche-fliessmatt-it-2","17":"first","18":"instock","19":"taxable","20":"shipping-taxable","21":"purchasable","22":"product-type-variable"},"exclude_global_add_ons":[],"addons":[],"yoast_head":"<!-- This site is optimized with the Yoast SEO plugin v25.6 - https:\/\/yoast.com\/wordpress\/plugins\/seo\/ -->\n<title>Anello NO STRESS X - Beatrice M\u00fcller<\/title>\n<meta name=\"robots\" content=\"index, follow, max-snippet:-1, max-image-preview:large, max-video-preview:-1\" \/>\n<link rel=\"canonical\" href=\"https:\/\/beatrice-mueller.de\/it\/prodotto\/anello-no-stress-x\/\" \/>\n<meta property=\"og:locale\" content=\"it_IT\" \/>\n<meta property=\"og:type\" content=\"article\" \/>\n<meta property=\"og:title\" content=\"Anello NO STRESS X - Beatrice M\u00fcller\" \/>\n<meta property=\"og:description\" content=\"NIENTE STRESS &#8211; la tua affermazione diretta NESSUN STRESS da indossare Lo stress \u00e8 un compagno quotidiano per la maggior parte delle persone. Motivo pi\u00f9 che sufficiente per ricordare il motto NO STRESS il pi\u00f9 spesso possibile. Questo anello \u00e8 l&#8217;ideale per questo scopo. La sua forma a croce dritta ti ricorda di concentrarti sulle [&hellip;]\" \/>\n<meta property=\"og:url\" content=\"https:\/\/beatrice-mueller.de\/it\/prodotto\/anello-no-stress-x\/\" \/>\n<meta property=\"og:site_name\" content=\"Beatrice M\u00fcller\" \/>\n<meta property=\"og:image\" content=\"https:\/\/beatrice-mueller.de\/wp-content\/uploads\/2022\/02\/X_Design_Ring_X_oberflaeche_fliessmatt_schwarz.jpg\" \/>\n\t<meta property=\"og:image:width\" content=\"1000\" \/>\n\t<meta property=\"og:image:height\" content=\"1000\" \/>\n\t<meta property=\"og:image:type\" content=\"image\/jpeg\" \/>\n<meta name=\"twitter:card\" content=\"summary_large_image\" \/>\n<meta name=\"twitter:label1\" content=\"Tempo di lettura stimato\" \/>\n\t<meta name=\"twitter:data1\" content=\"2 minuti\" \/>\n<script type=\"application\/ld+json\" class=\"yoast-schema-graph\">{\"@context\":\"https:\/\/schema.org\",\"@graph\":[{\"@type\":\"WebPage\",\"@id\":\"https:\/\/beatrice-mueller.de\/it\/prodotto\/anello-no-stress-x\/\",\"url\":\"https:\/\/beatrice-mueller.de\/it\/prodotto\/anello-no-stress-x\/\",\"name\":\"Anello NO STRESS X - Beatrice M\u00fcller\",\"isPartOf\":{\"@id\":\"https:\/\/beatrice-mueller.de\/it\/#website\"},\"primaryImageOfPage\":{\"@id\":\"https:\/\/beatrice-mueller.de\/it\/prodotto\/anello-no-stress-x\/#primaryimage\"},\"image\":{\"@id\":\"https:\/\/beatrice-mueller.de\/it\/prodotto\/anello-no-stress-x\/#primaryimage\"},\"thumbnailUrl\":\"https:\/\/beatrice-mueller.de\/wp-content\/uploads\/2022\/02\/X_Design_Ring_X_oberflaeche_fliessmatt_schwarz.jpg\",\"datePublished\":\"2025-02-23T11:29:12+00:00\",\"breadcrumb\":{\"@id\":\"https:\/\/beatrice-mueller.de\/it\/prodotto\/anello-no-stress-x\/#breadcrumb\"},\"inLanguage\":\"it-IT\",\"potentialAction\":[{\"@type\":\"ReadAction\",\"target\":[\"https:\/\/beatrice-mueller.de\/it\/prodotto\/anello-no-stress-x\/\"]}]},{\"@type\":\"ImageObject\",\"inLanguage\":\"it-IT\",\"@id\":\"https:\/\/beatrice-mueller.de\/it\/prodotto\/anello-no-stress-x\/#primaryimage\",\"url\":\"https:\/\/beatrice-mueller.de\/wp-content\/uploads\/2022\/02\/X_Design_Ring_X_oberflaeche_fliessmatt_schwarz.jpg\",\"contentUrl\":\"https:\/\/beatrice-mueller.de\/wp-content\/uploads\/2022\/02\/X_Design_Ring_X_oberflaeche_fliessmatt_schwarz.jpg\",\"width\":1000,\"height\":1000},{\"@type\":\"BreadcrumbList\",\"@id\":\"https:\/\/beatrice-mueller.de\/it\/prodotto\/anello-no-stress-x\/#breadcrumb\",\"itemListElement\":[{\"@type\":\"ListItem\",\"position\":1,\"name\":\"Startseite\",\"item\":\"https:\/\/beatrice-mueller.de\/it\/\"},{\"@type\":\"ListItem\",\"position\":2,\"name\":\"Negozio\",\"item\":\"https:\/\/beatrice-mueller.de\/it\/negozio-2\/\"},{\"@type\":\"ListItem\",\"position\":3,\"name\":\"Anello NO STRESS X\"}]},{\"@type\":\"WebSite\",\"@id\":\"https:\/\/beatrice-mueller.de\/it\/#website\",\"url\":\"https:\/\/beatrice-mueller.de\/it\/\",\"name\":\"Beatrice M\u00fcller\",\"description\":\"Schmuckdesign\",\"potentialAction\":[{\"@type\":\"SearchAction\",\"target\":{\"@type\":\"EntryPoint\",\"urlTemplate\":\"https:\/\/beatrice-mueller.de\/it\/?s={search_term_string}\"},\"query-input\":{\"@type\":\"PropertyValueSpecification\",\"valueRequired\":true,\"valueName\":\"search_term_string\"}}],\"inLanguage\":\"it-IT\"}]}<\/script>\n<!-- \/ Yoast SEO plugin. -->","yoast_head_json":{"title":"Anello NO STRESS X - Beatrice M\u00fcller","robots":{"index":"index","follow":"follow","max-snippet":"max-snippet:-1","max-image-preview":"max-image-preview:large","max-video-preview":"max-video-preview:-1"},"canonical":"https:\/\/beatrice-mueller.de\/it\/prodotto\/anello-no-stress-x\/","og_locale":"it_IT","og_type":"article","og_title":"Anello NO STRESS X - Beatrice M\u00fcller","og_description":"NIENTE STRESS &#8211; la tua affermazione diretta NESSUN STRESS da indossare Lo stress \u00e8 un compagno quotidiano per la maggior parte delle persone. Motivo pi\u00f9 che sufficiente per ricordare il motto NO STRESS il pi\u00f9 spesso possibile. Questo anello \u00e8 l&#8217;ideale per questo scopo. La sua forma a croce dritta ti ricorda di concentrarti sulle [&hellip;]","og_url":"https:\/\/beatrice-mueller.de\/it\/prodotto\/anello-no-stress-x\/","og_site_name":"Beatrice M\u00fcller","og_image":[{"width":1000,"height":1000,"url":"https:\/\/beatrice-mueller.de\/wp-content\/uploads\/2022\/02\/X_Design_Ring_X_oberflaeche_fliessmatt_schwarz.jpg","type":"image\/jpeg"}],"twitter_card":"summary_large_image","twitter_misc":{"Tempo di lettura stimato":"2 minuti"},"schema":{"@context":"https:\/\/schema.org","@graph":[{"@type":"WebPage","@id":"https:\/\/beatrice-mueller.de\/it\/prodotto\/anello-no-stress-x\/","url":"https:\/\/beatrice-mueller.de\/it\/prodotto\/anello-no-stress-x\/","name":"Anello NO STRESS X - Beatrice M\u00fcller","isPartOf":{"@id":"https:\/\/beatrice-mueller.de\/it\/#website"},"primaryImageOfPage":{"@id":"https:\/\/beatrice-mueller.de\/it\/prodotto\/anello-no-stress-x\/#primaryimage"},"image":{"@id":"https:\/\/beatrice-mueller.de\/it\/prodotto\/anello-no-stress-x\/#primaryimage"},"thumbnailUrl":"https:\/\/beatrice-mueller.de\/wp-content\/uploads\/2022\/02\/X_Design_Ring_X_oberflaeche_fliessmatt_schwarz.jpg","datePublished":"2025-02-23T11:29:12+00:00","breadcrumb":{"@id":"https:\/\/beatrice-mueller.de\/it\/prodotto\/anello-no-stress-x\/#breadcrumb"},"inLanguage":"it-IT","potentialAction":[{"@type":"ReadAction","target":["https:\/\/beatrice-mueller.de\/it\/prodotto\/anello-no-stress-x\/"]}]},{"@type":"ImageObject","inLanguage":"it-IT","@id":"https:\/\/beatrice-mueller.de\/it\/prodotto\/anello-no-stress-x\/#primaryimage","url":"https:\/\/beatrice-mueller.de\/wp-content\/uploads\/2022\/02\/X_Design_Ring_X_oberflaeche_fliessmatt_schwarz.jpg","contentUrl":"https:\/\/beatrice-mueller.de\/wp-content\/uploads\/2022\/02\/X_Design_Ring_X_oberflaeche_fliessmatt_schwarz.jpg","width":1000,"height":1000},{"@type":"BreadcrumbList","@id":"https:\/\/beatrice-mueller.de\/it\/prodotto\/anello-no-stress-x\/#breadcrumb","itemListElement":[{"@type":"ListItem","position":1,"name":"Startseite","item":"https:\/\/beatrice-mueller.de\/it\/"},{"@type":"ListItem","position":2,"name":"Negozio","item":"https:\/\/beatrice-mueller.de\/it\/negozio-2\/"},{"@type":"ListItem","position":3,"name":"Anello NO STRESS X"}]},{"@type":"WebSite","@id":"https:\/\/beatrice-mueller.de\/it\/#website","url":"https:\/\/beatrice-mueller.de\/it\/","name":"Beatrice M\u00fcller","description":"Schmuckdesign","potentialAction":[{"@type":"SearchAction","target":{"@type":"EntryPoint","urlTemplate":"https:\/\/beatrice-mueller.de\/it\/?s={search_term_string}"},"query-input":{"@type":"PropertyValueSpecification","valueRequired":true,"valueName":"search_term_string"}}],"inLanguage":"it-IT"}]}},"_links":{"self":[{"href":"https:\/\/beatrice-mueller.de\/it\/wp-json\/wp\/v2\/product\/24898","targetHints":{"allow":["GET"]}}],"collection":[{"href":"https:\/\/beatrice-mueller.de\/it\/wp-json\/wp\/v2\/product"}],"about":[{"href":"https:\/\/beatrice-mueller.de\/it\/wp-json\/wp\/v2\/types\/product"}],"replies":[{"embeddable":true,"href":"https:\/\/beatrice-mueller.de\/it\/wp-json\/wp\/v2\/comments?post=24898"}],"wp:featuredmedia":[{"embeddable":true,"href":"https:\/\/beatrice-mueller.de\/it\/wp-json\/wp\/v2\/media\/24900"}],"wp:attachment":[{"href":"https:\/\/beatrice-mueller.de\/it\/wp-json\/wp\/v2\/media?parent=24898"}],"wp:term":[{"taxonomy":"product_brand","embeddable":true,"href":"https:\/\/beatrice-mueller.de\/it\/wp-json\/wp\/v2\/product_brand?post=24898"},{"taxonomy":"product_cat","embeddable":true,"href":"https:\/\/beatrice-mueller.de\/it\/wp-json\/wp\/v2\/product_cat?post=24898"},{"taxonomy":"product_tag","embeddable":true,"href":"https:\/\/beatrice-mueller.de\/it\/wp-json\/wp\/v2\/product_tag?post=24898"}],"curies":[{"name":"wp","href":"https:\/\/api.w.org\/{rel}","templated":true}]}}