{"id":27492,"date":"2022-12-13T21:54:21","date_gmt":"2025-03-20T02:54:31","guid":{"rendered":"https:\/\/beatrice-mueller.de\/produkt\/il-libro-di-beatrice-mueller\/"},"modified":"2025-03-20T03:54:31","modified_gmt":"2025-03-20T02:54:31","slug":"il-libro-di-beatrice-mueller","status":"publish","type":"product","link":"https:\/\/beatrice-mueller.de\/it\/prodotto\/il-libro-di-beatrice-mueller\/","title":{"rendered":"Il libro di Beatrice M\u00fcller"},"content":{"rendered":"<p><span style=\"display: inline-block;width: 0px;overflow: hidden;line-height: 0\" data-mce-type=\"bookmark\" class=\"mce_SELRES_start\"><\/span>Qual \u00e8 il significato dei gioielli? Beatrice M\u00fcller affronta l&#8217;argomento ripercorrendo il suo percorso professionale. Con il titolo \u201cI gioielli non sono una decorazione\u2026 e chi li indossa non \u00e8 una rubrica pubblicitaria\u201d, la neo-autrice mette su carta ci\u00f2 che le sue opere d\u2019arte incarnano da tempo. Trasmettono messaggi che catturano lo spirito del tempo e mettono in risalto la personalit\u00e0 di chi li indossa.   <\/p>\n<p>Il libro vi invita a intraprendere un viaggio che inizia ancora prima della fondazione dello studio e vi guida attraverso la creazione dei progetti pi\u00f9 straordinari nella vita della designer di gioielli. Le pagine sono arricchite da numerose foto dei suoi momenti pi\u00f9 importanti e delle sue opere pi\u00f9 famose. In passaggi a volte pi\u00f9 lunghi, a volte pi\u00f9 brevi, Beatrice M\u00fcller spiega in cosa consistono i suoi anelli e le sue collezioni. La seconda parte del libro riporta alcune storie di successo del proprietario dello studio e i premi che hanno ricevuto l&#8217;attenzione della stampa. Ricco di piccoli aneddoti e storie, \u00e8 uno sguardo retrospettivo alla vita movimentata di un artista che, all&#8217;inizio, non voleva diventarlo.    <\/p>\n","protected":false},"excerpt":{"rendered":"<p>Qual \u00e8 il significato dei gioielli? Beatrice M\u00fcller affronta l&#8217;argomento ripercorrendo il suo percorso professionale. Con il titolo \u201cI gioielli non sono una decorazione\u2026 e chi li indossa non \u00e8 una rubrica pubblicitaria\u201d, la neo-autrice mette su carta ci\u00f2 che le sue opere d\u2019arte incarnano da tempo. Trasmettono messaggi che catturano lo spirito del tempo [&hellip;]<\/p>\n","protected":false},"featured_media":27494,"comment_status":"closed","ping_status":"closed","template":"","meta":{"_glsr_average":0,"_glsr_ranking":0,"_glsr_reviews":0},"product_brand":[],"product_cat":[1561],"product_tag":[],"class_list":{"0":"post-27492","1":"product","2":"type-product","3":"status-publish","4":"has-post-thumbnail","6":"product_cat-libri","8":"first","9":"instock","10":"taxable","11":"shipping-taxable","12":"purchasable","13":"product-type-simple"},"exclude_global_add_ons":[],"addons":[],"yoast_head":"<!-- This site is optimized with the Yoast SEO plugin v25.6 - https:\/\/yoast.com\/wordpress\/plugins\/seo\/ -->\n<title>Il libro di Beatrice M\u00fcller - Beatrice M\u00fcller<\/title>\n<meta name=\"description\" content=\"Qual \u00e8 il significato dei gioielli? Beatrice M\u00fcller affronta l&#039;argomento ripercorrendo il suo percorso professionale.\" \/>\n<meta name=\"robots\" content=\"index, follow, max-snippet:-1, max-image-preview:large, max-video-preview:-1\" \/>\n<link rel=\"canonical\" href=\"https:\/\/beatrice-mueller.de\/it\/prodotto\/il-libro-di-beatrice-mueller\/\" \/>\n<meta property=\"og:locale\" content=\"it_IT\" \/>\n<meta property=\"og:type\" content=\"article\" \/>\n<meta property=\"og:title\" content=\"Il libro di Beatrice M\u00fcller - Beatrice M\u00fcller\" \/>\n<meta property=\"og:description\" content=\"Qual \u00e8 il significato dei gioielli? Beatrice M\u00fcller affronta l&#039;argomento ripercorrendo il suo percorso professionale.\" \/>\n<meta property=\"og:url\" content=\"https:\/\/beatrice-mueller.de\/it\/prodotto\/il-libro-di-beatrice-mueller\/\" \/>\n<meta property=\"og:site_name\" content=\"Beatrice M\u00fcller\" \/>\n<meta property=\"og:image\" content=\"https:\/\/beatrice-mueller.de\/wp-content\/uploads\/2020\/10\/beatrice-mueller-buch-klein.jpg\" \/>\n\t<meta property=\"og:image:width\" content=\"914\" \/>\n\t<meta property=\"og:image:height\" content=\"1208\" \/>\n\t<meta property=\"og:image:type\" content=\"image\/jpeg\" \/>\n<meta name=\"twitter:card\" content=\"summary_large_image\" \/>\n<meta name=\"twitter:label1\" content=\"Tempo di lettura stimato\" \/>\n\t<meta name=\"twitter:data1\" content=\"1 minuto\" \/>\n<script type=\"application\/ld+json\" class=\"yoast-schema-graph\">{\"@context\":\"https:\/\/schema.org\",\"@graph\":[{\"@type\":\"WebPage\",\"@id\":\"https:\/\/beatrice-mueller.de\/it\/prodotto\/il-libro-di-beatrice-mueller\/\",\"url\":\"https:\/\/beatrice-mueller.de\/it\/prodotto\/il-libro-di-beatrice-mueller\/\",\"name\":\"Il libro di Beatrice M\u00fcller - Beatrice M\u00fcller\",\"isPartOf\":{\"@id\":\"https:\/\/beatrice-mueller.de\/it\/#website\"},\"primaryImageOfPage\":{\"@id\":\"https:\/\/beatrice-mueller.de\/it\/prodotto\/il-libro-di-beatrice-mueller\/#primaryimage\"},\"image\":{\"@id\":\"https:\/\/beatrice-mueller.de\/it\/prodotto\/il-libro-di-beatrice-mueller\/#primaryimage\"},\"thumbnailUrl\":\"https:\/\/beatrice-mueller.de\/wp-content\/uploads\/2020\/10\/beatrice-mueller-buch-klein.jpg\",\"datePublished\":\"2025-03-20T02:54:31+00:00\",\"description\":\"Qual \u00e8 il significato dei gioielli? Beatrice M\u00fcller affronta l'argomento ripercorrendo il suo percorso professionale.\",\"breadcrumb\":{\"@id\":\"https:\/\/beatrice-mueller.de\/it\/prodotto\/il-libro-di-beatrice-mueller\/#breadcrumb\"},\"inLanguage\":\"it-IT\",\"potentialAction\":[{\"@type\":\"ReadAction\",\"target\":[\"https:\/\/beatrice-mueller.de\/it\/prodotto\/il-libro-di-beatrice-mueller\/\"]}]},{\"@type\":\"ImageObject\",\"inLanguage\":\"it-IT\",\"@id\":\"https:\/\/beatrice-mueller.de\/it\/prodotto\/il-libro-di-beatrice-mueller\/#primaryimage\",\"url\":\"https:\/\/beatrice-mueller.de\/wp-content\/uploads\/2020\/10\/beatrice-mueller-buch-klein.jpg\",\"contentUrl\":\"https:\/\/beatrice-mueller.de\/wp-content\/uploads\/2020\/10\/beatrice-mueller-buch-klein.jpg\",\"width\":914,\"height\":1208},{\"@type\":\"BreadcrumbList\",\"@id\":\"https:\/\/beatrice-mueller.de\/it\/prodotto\/il-libro-di-beatrice-mueller\/#breadcrumb\",\"itemListElement\":[{\"@type\":\"ListItem\",\"position\":1,\"name\":\"Startseite\",\"item\":\"https:\/\/beatrice-mueller.de\/it\/\"},{\"@type\":\"ListItem\",\"position\":2,\"name\":\"Negozio\",\"item\":\"https:\/\/beatrice-mueller.de\/it\/negozio-2\/\"},{\"@type\":\"ListItem\",\"position\":3,\"name\":\"Il libro di Beatrice M\u00fcller\"}]},{\"@type\":\"WebSite\",\"@id\":\"https:\/\/beatrice-mueller.de\/it\/#website\",\"url\":\"https:\/\/beatrice-mueller.de\/it\/\",\"name\":\"Beatrice M\u00fcller\",\"description\":\"Schmuckdesign\",\"potentialAction\":[{\"@type\":\"SearchAction\",\"target\":{\"@type\":\"EntryPoint\",\"urlTemplate\":\"https:\/\/beatrice-mueller.de\/it\/?s={search_term_string}\"},\"query-input\":{\"@type\":\"PropertyValueSpecification\",\"valueRequired\":true,\"valueName\":\"search_term_string\"}}],\"inLanguage\":\"it-IT\"}]}<\/script>\n<!-- \/ Yoast SEO plugin. -->","yoast_head_json":{"title":"Il libro di Beatrice M\u00fcller - Beatrice M\u00fcller","description":"Qual \u00e8 il significato dei gioielli? Beatrice M\u00fcller affronta l'argomento ripercorrendo il suo percorso professionale.","robots":{"index":"index","follow":"follow","max-snippet":"max-snippet:-1","max-image-preview":"max-image-preview:large","max-video-preview":"max-video-preview:-1"},"canonical":"https:\/\/beatrice-mueller.de\/it\/prodotto\/il-libro-di-beatrice-mueller\/","og_locale":"it_IT","og_type":"article","og_title":"Il libro di Beatrice M\u00fcller - Beatrice M\u00fcller","og_description":"Qual \u00e8 il significato dei gioielli? Beatrice M\u00fcller affronta l'argomento ripercorrendo il suo percorso professionale.","og_url":"https:\/\/beatrice-mueller.de\/it\/prodotto\/il-libro-di-beatrice-mueller\/","og_site_name":"Beatrice M\u00fcller","og_image":[{"width":914,"height":1208,"url":"https:\/\/beatrice-mueller.de\/wp-content\/uploads\/2020\/10\/beatrice-mueller-buch-klein.jpg","type":"image\/jpeg"}],"twitter_card":"summary_large_image","twitter_misc":{"Tempo di lettura stimato":"1 minuto"},"schema":{"@context":"https:\/\/schema.org","@graph":[{"@type":"WebPage","@id":"https:\/\/beatrice-mueller.de\/it\/prodotto\/il-libro-di-beatrice-mueller\/","url":"https:\/\/beatrice-mueller.de\/it\/prodotto\/il-libro-di-beatrice-mueller\/","name":"Il libro di Beatrice M\u00fcller - Beatrice M\u00fcller","isPartOf":{"@id":"https:\/\/beatrice-mueller.de\/it\/#website"},"primaryImageOfPage":{"@id":"https:\/\/beatrice-mueller.de\/it\/prodotto\/il-libro-di-beatrice-mueller\/#primaryimage"},"image":{"@id":"https:\/\/beatrice-mueller.de\/it\/prodotto\/il-libro-di-beatrice-mueller\/#primaryimage"},"thumbnailUrl":"https:\/\/beatrice-mueller.de\/wp-content\/uploads\/2020\/10\/beatrice-mueller-buch-klein.jpg","datePublished":"2025-03-20T02:54:31+00:00","description":"Qual \u00e8 il significato dei gioielli? Beatrice M\u00fcller affronta l'argomento ripercorrendo il suo percorso professionale.","breadcrumb":{"@id":"https:\/\/beatrice-mueller.de\/it\/prodotto\/il-libro-di-beatrice-mueller\/#breadcrumb"},"inLanguage":"it-IT","potentialAction":[{"@type":"ReadAction","target":["https:\/\/beatrice-mueller.de\/it\/prodotto\/il-libro-di-beatrice-mueller\/"]}]},{"@type":"ImageObject","inLanguage":"it-IT","@id":"https:\/\/beatrice-mueller.de\/it\/prodotto\/il-libro-di-beatrice-mueller\/#primaryimage","url":"https:\/\/beatrice-mueller.de\/wp-content\/uploads\/2020\/10\/beatrice-mueller-buch-klein.jpg","contentUrl":"https:\/\/beatrice-mueller.de\/wp-content\/uploads\/2020\/10\/beatrice-mueller-buch-klein.jpg","width":914,"height":1208},{"@type":"BreadcrumbList","@id":"https:\/\/beatrice-mueller.de\/it\/prodotto\/il-libro-di-beatrice-mueller\/#breadcrumb","itemListElement":[{"@type":"ListItem","position":1,"name":"Startseite","item":"https:\/\/beatrice-mueller.de\/it\/"},{"@type":"ListItem","position":2,"name":"Negozio","item":"https:\/\/beatrice-mueller.de\/it\/negozio-2\/"},{"@type":"ListItem","position":3,"name":"Il libro di Beatrice M\u00fcller"}]},{"@type":"WebSite","@id":"https:\/\/beatrice-mueller.de\/it\/#website","url":"https:\/\/beatrice-mueller.de\/it\/","name":"Beatrice M\u00fcller","description":"Schmuckdesign","potentialAction":[{"@type":"SearchAction","target":{"@type":"EntryPoint","urlTemplate":"https:\/\/beatrice-mueller.de\/it\/?s={search_term_string}"},"query-input":{"@type":"PropertyValueSpecification","valueRequired":true,"valueName":"search_term_string"}}],"inLanguage":"it-IT"}]}},"_links":{"self":[{"href":"https:\/\/beatrice-mueller.de\/it\/wp-json\/wp\/v2\/product\/27492","targetHints":{"allow":["GET"]}}],"collection":[{"href":"https:\/\/beatrice-mueller.de\/it\/wp-json\/wp\/v2\/product"}],"about":[{"href":"https:\/\/beatrice-mueller.de\/it\/wp-json\/wp\/v2\/types\/product"}],"replies":[{"embeddable":true,"href":"https:\/\/beatrice-mueller.de\/it\/wp-json\/wp\/v2\/comments?post=27492"}],"wp:featuredmedia":[{"embeddable":true,"href":"https:\/\/beatrice-mueller.de\/it\/wp-json\/wp\/v2\/media\/27494"}],"wp:attachment":[{"href":"https:\/\/beatrice-mueller.de\/it\/wp-json\/wp\/v2\/media?parent=27492"}],"wp:term":[{"taxonomy":"product_brand","embeddable":true,"href":"https:\/\/beatrice-mueller.de\/it\/wp-json\/wp\/v2\/product_brand?post=27492"},{"taxonomy":"product_cat","embeddable":true,"href":"https:\/\/beatrice-mueller.de\/it\/wp-json\/wp\/v2\/product_cat?post=27492"},{"taxonomy":"product_tag","embeddable":true,"href":"https:\/\/beatrice-mueller.de\/it\/wp-json\/wp\/v2\/product_tag?post=27492"}],"curies":[{"name":"wp","href":"https:\/\/api.w.org\/{rel}","templated":true}]}}